{"id":77,"date":"2023-04-23T11:04:00","date_gmt":"2023-04-23T11:04:00","guid":{"rendered":"http:\/\/miguelasensiodev.com\/?page_id=77"},"modified":"2023-04-23T15:03:54","modified_gmt":"2023-04-23T15:03:54","slug":"mis-habilidades","status":"publish","type":"page","link":"https:\/\/miguelasensiodev.com\/en\/mis-habilidades\/","title":{"rendered":"Mis habilidades"},"content":{"rendered":"<p>Soy <a rel=\"noreferrer noopener\" href=\"https:\/\/www.ucam.edu\/estudios\/grados\/ingenieria-informatica-presencial\" target=\"_blank\">Graduado en Ingenier\u00eda Inform\u00e1tica por la UCAM<\/a> (Universidad Cat\u00f3lica de Murcia) con doble menci\u00f3n en<strong> Ingenier\u00eda del Software<\/strong> y en <strong>Tecnolog\u00edas de la Informaci\u00f3n<\/strong>. Pulsa en el link anterior para acceder a la web de la universidad.<\/p>\n\n\n\n<p>Si deseas ver mis certificaciones acad\u00e9micas puedes ir a <a rel=\"noreferrer noopener\" href=\"https:\/\/www.linkedin.com\/in\/miguel-asensio-maldonado-80179625a\/\" target=\"_blank\">mi LinkedIn<\/a> donde est\u00e1n todas publicadas.<\/p>\n\n\n\n<p>Contenidos:<\/p>\n\n\n\n<ul class=\"wp-block-list\">\n<li>Lenguajes de programaci\u00f3n<\/li>\n\n\n\n<li>Bases de datos<\/li>\n\n\n\n<li>Frameworks \/ Librer\u00edas<\/li>\n\n\n\n<li>Metodolog\u00edas de trabajo<\/li>\n\n\n\n<li>Herramientas de desarrollo<\/li>\n\n\n\n<li>Hosting y administraci\u00f3n web<\/li>\n<\/ul>\n\n\n\n<h2 class=\"wp-block-heading has-text-align-center\">Lenguajes de programaci\u00f3n<\/h2>\n\n\n\n<figure class=\"wp-block-image size-large\"><img loading=\"lazy\" decoding=\"async\" width=\"1024\" height=\"576\" src=\"https:\/\/miguelasensiodev.com\/wp-content\/uploads\/2023\/04\/5673721-1024x576.jpg\" alt=\"\" class=\"wp-image-99\" srcset=\"https:\/\/miguelasensiodev.com\/wp-content\/uploads\/2023\/04\/5673721-1024x576.jpg 1024w, https:\/\/miguelasensiodev.com\/wp-content\/uploads\/2023\/04\/5673721-300x169.jpg 300w, https:\/\/miguelasensiodev.com\/wp-content\/uploads\/2023\/04\/5673721-768x432.jpg 768w, https:\/\/miguelasensiodev.com\/wp-content\/uploads\/2023\/04\/5673721-1536x864.jpg 1536w, https:\/\/miguelasensiodev.com\/wp-content\/uploads\/2023\/04\/5673721-18x10.jpg 18w, https:\/\/miguelasensiodev.com\/wp-content\/uploads\/2023\/04\/5673721.jpg 1920w\" sizes=\"auto, (max-width: 1024px) 100vw, 1024px\" \/><\/figure>\n\n\n\n<p>Tengo conocimiento de diferentes lenguajes de programaci\u00f3n pero no en todos soy igual de h\u00e1bil. De este modo dividir\u00e9 en 3 columnas seg\u00fan considere mis destrezas.<\/p>\n\n\n\n<div class=\"wp-block-columns is-layout-flex wp-container-core-columns-is-layout-28f84493 wp-block-columns-is-layout-flex\">\n<div class=\"wp-block-column is-layout-flow wp-block-column-is-layout-flow\">\n<h3 class=\"wp-block-heading has-text-align-center\" style=\"text-transform:none\">B\u00e1sico<\/h3>\n\n\n\n<p class=\"has-text-align-center\">PL\/SQL<\/p>\n\n\n\n<p class=\"has-text-align-center\">Bash<\/p>\n\n\n\n<p class=\"has-text-align-center\">Java<\/p>\n<\/div>\n\n\n\n<div class=\"wp-block-column is-layout-flow wp-block-column-is-layout-flow\">\n<h3 class=\"wp-block-heading has-text-align-center\">Intermedio<\/h3>\n\n\n\n<p class=\"has-text-align-center\">Python<\/p>\n\n\n\n<p class=\"has-text-align-center\">C<\/p>\n\n\n\n<p class=\"has-text-align-center\">SQL<\/p>\n\n\n\n<p class=\"has-text-align-center\">HTML + CSS<\/p>\n\n\n\n<p class=\"has-text-align-center\">JavaScript<\/p>\n\n\n\n<p class=\"has-text-align-center\">C#<\/p>\n<\/div>\n\n\n\n<div class=\"wp-block-column is-layout-flow wp-block-column-is-layout-flow\">\n<h3 class=\"wp-block-heading has-text-align-center\">Alto<\/h3>\n\n\n\n<p class=\"has-text-align-center\">PHP<\/p>\n<\/div>\n<\/div>\n\n\n\n<hr class=\"wp-block-separator has-alpha-channel-opacity is-style-wide\"\/>\n\n\n\n<h2 class=\"wp-block-heading has-text-align-center\">Bases de datos<\/h2>\n\n\n\n<figure class=\"wp-block-image size-large\"><img loading=\"lazy\" decoding=\"async\" width=\"1024\" height=\"538\" src=\"https:\/\/miguelasensiodev.com\/wp-content\/uploads\/2023\/04\/Top-Free-Cloud-Based-Database-Software-1024x538.jpg\" alt=\"\" class=\"wp-image-100\" srcset=\"https:\/\/miguelasensiodev.com\/wp-content\/uploads\/2023\/04\/Top-Free-Cloud-Based-Database-Software-1024x538.jpg 1024w, https:\/\/miguelasensiodev.com\/wp-content\/uploads\/2023\/04\/Top-Free-Cloud-Based-Database-Software-300x158.jpg 300w, https:\/\/miguelasensiodev.com\/wp-content\/uploads\/2023\/04\/Top-Free-Cloud-Based-Database-Software-768x403.jpg 768w, https:\/\/miguelasensiodev.com\/wp-content\/uploads\/2023\/04\/Top-Free-Cloud-Based-Database-Software-18x9.jpg 18w, https:\/\/miguelasensiodev.com\/wp-content\/uploads\/2023\/04\/Top-Free-Cloud-Based-Database-Software.jpg 1200w\" sizes=\"auto, (max-width: 1024px) 100vw, 1024px\" \/><\/figure>\n\n\n\n<p>Puedes tener mucha informaci\u00f3n pero si no tienes donde guardarla y organizarla, no sirve de nada.<\/p>\n\n\n\n<h4 class=\"wp-block-heading has-text-align-left\">  &#8211; SQL<\/h4>\n\n\n\n<p>Dispongo de varias certificaciones que corroboran mis conocimientos en las bases de datos de Oracle, aunque actualmente estoy trabajando a diario con MySQL y MariaDB. Tambi\u00e9n con PhpMyAdmin como gestor.<\/p>\n\n\n\n<h4 class=\"wp-block-heading\">  &#8211; NoSQL<\/h4>\n\n\n\n<p>Google Firebase. He utilizado la API de Firebase en varios peque\u00f1os proyectos y en varias ocasiones durante mis estudios. Si bien mis conocimientos son limitados, s\u00ed que conozco las principales formas de implementaci\u00f3n de Registro\/Inicio de sesi\u00f3n, Analytics, base de datos en tiempo real y, por supuesto, la gesti\u00f3n de una base de datos noSQL.<\/p>\n\n\n\n<hr class=\"wp-block-separator has-alpha-channel-opacity is-style-wide\"\/>\n\n\n\n<h2 class=\"wp-block-heading has-text-align-center\">Frameworks \/ Librer\u00edas<\/h2>\n\n\n\n<figure class=\"wp-block-image size-full\"><img loading=\"lazy\" decoding=\"async\" width=\"1024\" height=\"594\" src=\"https:\/\/miguelasensiodev.com\/wp-content\/uploads\/2023\/04\/o_1e7nie6p4evt18tjoo017kt13t0a.jpg\" alt=\"\" class=\"wp-image-101\" srcset=\"https:\/\/miguelasensiodev.com\/wp-content\/uploads\/2023\/04\/o_1e7nie6p4evt18tjoo017kt13t0a.jpg 1024w, https:\/\/miguelasensiodev.com\/wp-content\/uploads\/2023\/04\/o_1e7nie6p4evt18tjoo017kt13t0a-300x174.jpg 300w, https:\/\/miguelasensiodev.com\/wp-content\/uploads\/2023\/04\/o_1e7nie6p4evt18tjoo017kt13t0a-768x446.jpg 768w, https:\/\/miguelasensiodev.com\/wp-content\/uploads\/2023\/04\/o_1e7nie6p4evt18tjoo017kt13t0a-18x10.jpg 18w\" sizes=\"auto, (max-width: 1024px) 100vw, 1024px\" \/><\/figure>\n\n\n\n<p>Qu\u00e9 ser\u00eda de nosotros si lo tuvi\u00e9semos que implementar todo a mano desde cero&#8230;<\/p>\n\n\n\n<h4 class=\"wp-block-heading\">  &#8211; OpenCV<\/h4>\n\n\n\n<p>Usada con Python. Durante el desarrollo de mi Trabajo de Fin de Grado (TFG) fue la principal librer\u00eda que utilic\u00e9 para obtener y procesar im\u00e1genes. Entre los principales ret\u00f3 que tuve que resolver se encuentran la obtenci\u00f3n de formas de una imagen.<\/p>\n\n\n\n<h4 class=\"wp-block-heading\">  &#8211; TensorFlow<\/h4>\n\n\n\n<p>Usada con Python. Al igual que OpenCV, la he usado bastante durante el desarrollo de mi TFG para crear la estructura de red neuronal capaz de reconocer el carril por el que circular\u00eda el robot y posteriormente, para crear la red neuronal de detecci\u00f3n de se\u00f1ales viales.<\/p>\n\n\n\n<h4 class=\"wp-block-heading\">  &#8211; CUDA<\/h4>\n\n\n\n<p>Usada en C y Python. Tengo conocimientos b\u00e1sicos-intermedios del desarrollo de c\u00f3digo pensado para ser ejecutado en una GPU con CUDA. Tambi\u00e9n intent\u00e9 implementar en mi TFG el procesamiento de OpenCV en CUDA con Python pero la documentaci\u00f3n era escasa y el soporte estaba casi centrado por completo a C++.<\/p>\n\n\n\n<hr class=\"wp-block-separator has-alpha-channel-opacity is-style-wide\"\/>\n\n\n\n<h2 class=\"wp-block-heading has-text-align-center\">Metodolog\u00edas de trabajo<\/h2>\n\n\n\n<figure class=\"wp-block-image size-large\"><img loading=\"lazy\" decoding=\"async\" width=\"1024\" height=\"576\" src=\"https:\/\/miguelasensiodev.com\/wp-content\/uploads\/2023\/04\/BeAgile-1024x576.jpg\" alt=\"\" class=\"wp-image-104\" srcset=\"https:\/\/miguelasensiodev.com\/wp-content\/uploads\/2023\/04\/BeAgile-1024x576.jpg 1024w, https:\/\/miguelasensiodev.com\/wp-content\/uploads\/2023\/04\/BeAgile-300x169.jpg 300w, https:\/\/miguelasensiodev.com\/wp-content\/uploads\/2023\/04\/BeAgile-768x432.jpg 768w, https:\/\/miguelasensiodev.com\/wp-content\/uploads\/2023\/04\/BeAgile-1536x864.jpg 1536w, https:\/\/miguelasensiodev.com\/wp-content\/uploads\/2023\/04\/BeAgile-18x10.jpg 18w, https:\/\/miguelasensiodev.com\/wp-content\/uploads\/2023\/04\/BeAgile.jpg 1920w\" sizes=\"auto, (max-width: 1024px) 100vw, 1024px\" \/><\/figure>\n\n\n\n<h4 class=\"wp-block-heading\">  &#8211; SCRUM y Kanban<\/h4>\n\n\n\n<p>Yo soy fiel defensor de la tendencia actual \u00abAgile\u00bb. E intento aplicar caracter\u00edsticas \u00e1giles durante el desarrollo de mis proyectos. Sin duda los tableros de Kanban son lo que mas me ayuda a mantener organizada mi jornada y las entregas tipo Sprint, lo que mas satisface al cliente al ver como su proyecto avanza.<\/p>\n\n\n\n<hr class=\"wp-block-separator has-alpha-channel-opacity is-style-wide\"\/>\n\n\n\n<h2 class=\"wp-block-heading has-text-align-center\">Herramientas de desarrollo<\/h2>\n\n\n\n<figure class=\"wp-block-image size-full\"><img loading=\"lazy\" decoding=\"async\" width=\"915\" height=\"480\" src=\"https:\/\/miguelasensiodev.com\/wp-content\/uploads\/2023\/04\/avjCbwzE1Wu25kkFi7VXgJjm8DcPDpetM3CxgLBZ.png\" alt=\"\" class=\"wp-image-103\" srcset=\"https:\/\/miguelasensiodev.com\/wp-content\/uploads\/2023\/04\/avjCbwzE1Wu25kkFi7VXgJjm8DcPDpetM3CxgLBZ.png 915w, https:\/\/miguelasensiodev.com\/wp-content\/uploads\/2023\/04\/avjCbwzE1Wu25kkFi7VXgJjm8DcPDpetM3CxgLBZ-300x157.png 300w, https:\/\/miguelasensiodev.com\/wp-content\/uploads\/2023\/04\/avjCbwzE1Wu25kkFi7VXgJjm8DcPDpetM3CxgLBZ-768x403.png 768w, https:\/\/miguelasensiodev.com\/wp-content\/uploads\/2023\/04\/avjCbwzE1Wu25kkFi7VXgJjm8DcPDpetM3CxgLBZ-18x9.png 18w\" sizes=\"auto, (max-width: 915px) 100vw, 915px\" \/><\/figure>\n\n\n\n<h4 class=\"wp-block-heading\">  &#8211; Git<\/h4>\n\n\n\n<p>Tengo un nivel intermedio de conocimientos sobre el control de versiones en Git. Conozco los principios de seguimiento de versiones, gesti\u00f3n de ramas, pull requests&#8230;<\/p>\n\n\n\n<h4 class=\"wp-block-heading\">  &#8211; Jira<\/h4>\n\n\n\n<p>Herramienta indispensable en mi d\u00eda a d\u00eda para gestionar los proyectos. Conozco bastante bien el funcionamiento de Jira, as\u00ed como su integraci\u00f3n con Git y GitHub para un mejor seguimiento del desarrollo.<\/p>\n\n\n\n<hr class=\"wp-block-separator has-alpha-channel-opacity is-style-wide\"\/>\n\n\n\n<h2 class=\"wp-block-heading has-text-align-center\">Hosting y administraci\u00f3n web<\/h2>\n\n\n\n<figure class=\"wp-block-image size-large\"><img loading=\"lazy\" decoding=\"async\" width=\"1024\" height=\"564\" src=\"https:\/\/miguelasensiodev.com\/wp-content\/uploads\/2023\/04\/4afaa46c8cffa69700b4ac35c7e36b60-1024x564.jpg\" alt=\"\" class=\"wp-image-102\" srcset=\"https:\/\/miguelasensiodev.com\/wp-content\/uploads\/2023\/04\/4afaa46c8cffa69700b4ac35c7e36b60-1024x564.jpg 1024w, https:\/\/miguelasensiodev.com\/wp-content\/uploads\/2023\/04\/4afaa46c8cffa69700b4ac35c7e36b60-300x165.jpg 300w, https:\/\/miguelasensiodev.com\/wp-content\/uploads\/2023\/04\/4afaa46c8cffa69700b4ac35c7e36b60-768x423.jpg 768w, https:\/\/miguelasensiodev.com\/wp-content\/uploads\/2023\/04\/4afaa46c8cffa69700b4ac35c7e36b60-18x10.jpg 18w, https:\/\/miguelasensiodev.com\/wp-content\/uploads\/2023\/04\/4afaa46c8cffa69700b4ac35c7e36b60.jpg 1524w\" sizes=\"auto, (max-width: 1024px) 100vw, 1024px\" \/><\/figure>\n\n\n\n<h4 class=\"wp-block-heading\">WordPress<\/h4>\n\n\n\n<p>Esta p\u00e1gina est\u00e1 creada con WordPress, creo que es la mejor descripci\u00f3n y prueba de esta habilidad.<\/p>\n\n\n\n<h4 class=\"wp-block-heading\">Plesk<\/h4>\n\n\n\n<p>Panel de gesti\u00f3n que utilizo actualmente en La Escalera Proyecto Educativo.<\/p>\n\n\n\n<h4 class=\"wp-block-heading\"><\/h4>","protected":false},"excerpt":{"rendered":"<p>Soy Graduado en Ingenier\u00eda Inform\u00e1tica por la UCAM (Universidad Cat\u00f3lica de Murcia) con doble menci\u00f3n en Ingenier\u00eda del Software y en Tecnolog\u00edas de la Informaci\u00f3n. Pulsa en el link anterior para acceder a la web de la universidad. Si deseas ver mis certificaciones acad\u00e9micas puedes ir a mi LinkedIn donde est\u00e1n todas publicadas. Contenidos: Lenguajes [&hellip;]<\/p>\n","protected":false},"author":1,"featured_media":0,"parent":0,"menu_order":0,"comment_status":"closed","ping_status":"closed","template":"","meta":{"footnotes":""},"class_list":["post-77","page","type-page","status-publish","hentry"],"_links":{"self":[{"href":"https:\/\/miguelasensiodev.com\/en\/wp-json\/wp\/v2\/pages\/77","targetHints":{"allow":["GET"]}}],"collection":[{"href":"https:\/\/miguelasensiodev.com\/en\/wp-json\/wp\/v2\/pages"}],"about":[{"href":"https:\/\/miguelasensiodev.com\/en\/wp-json\/wp\/v2\/types\/page"}],"author":[{"embeddable":true,"href":"https:\/\/miguelasensiodev.com\/en\/wp-json\/wp\/v2\/users\/1"}],"replies":[{"embeddable":true,"href":"https:\/\/miguelasensiodev.com\/en\/wp-json\/wp\/v2\/comments?post=77"}],"version-history":[{"count":4,"href":"https:\/\/miguelasensiodev.com\/en\/wp-json\/wp\/v2\/pages\/77\/revisions"}],"predecessor-version":[{"id":105,"href":"https:\/\/miguelasensiodev.com\/en\/wp-json\/wp\/v2\/pages\/77\/revisions\/105"}],"wp:attachment":[{"href":"https:\/\/miguelasensiodev.com\/en\/wp-json\/wp\/v2\/media?parent=77"}],"curies":[{"name":"wp","href":"https:\/\/api.w.org\/{rel}","templated":true}]}}